{"id":2397,"date":"2025-12-11T11:14:10","date_gmt":"2025-12-11T10:14:10","guid":{"rendered":"https:\/\/miaconsultgroup.pl\/?page_id=2397"},"modified":"2026-04-21T09:51:35","modified_gmt":"2026-04-21T07:51:35","slug":"regulamin-promo","status":"publish","type":"page","link":"https:\/\/miaconsultgroup.pl\/ru\/regulamin-promo\/","title":{"rendered":"Regulamin Ksi\u0119gowo\u015b\u0107 za darmo"},"content":{"rendered":"<style><span data-mce-type=\"bookmark\" style=\"display: inline-block; width: 0px; overflow: hidden; line-height: 0;\" class=\"mce_SELRES_start\">\ufeff<\/span><br \/>.w-1300 p:not(.p-about),<br \/>.w-1300 li {<br \/>    font-size: 14px;<br \/>    font-family: \"Roboto\", sans-serif;<br \/>    font-weight: 300;<br \/>}<br \/><\/style>\n<div class=\"imitation-h\"><\/div>\n<div class=\"w-1300\">\n<h1>REGULAMIN AKCJI PROMOCYJNEJ: Pierwszy miesi\u0105c obs\u0142ugi ksi\u0119gowej gratis<\/h1>\n<h2>\u00a71 Organizator i czas trwania akcji<\/h2>\n<ol>\n<li>Organizatorem akcji promocyjnej pod nazw\u0105 \u201ePierwszy miesi\u0105c obs\u0142ugi ksi\u0119gowej gratis\u201d (dalej: \u201eAkcja\u201d) jest MIA CONSULT GROUP Sp. z o.o. z siedzib\u0105 w Warszawie, ul. Zygmunta Vogla 28\/02, 02-963 Warszawa, KRS: 0000854891, NIP: 1133018235, REGON: 386780510 (dalej: \u201eOrganizator\u201d).<\/li>\n<li>Akcja obowi\u0105zuje dla um\u00f3w o \u015bwiadczenie us\u0142ug ksi\u0119gowo-kadrowych (dalej: \u201eUmowa\u201d) zawartych z Organizatorem w okresie od dnia og\u0142oszenia Akcji do dnia 30\u00a0czerwca 2026 r. w\u0142\u0105cznie.<span class=\"Apple-converted-space\">\u00a0<\/span><\/li>\n<li>Akcja obowi\u0105zuje na terytorium Rzeczypospolitej Polskiej.<\/li>\n<\/ol>\n<h2>\u00a72 Zakres Akcji<\/h2>\n<ol>\n<li>Akcja dotyczy us\u0142ug ksi\u0119gowo-kadrowych \u015bwiadczonych przez Organizatora na podstawie Umowy, zgodnie z jej zakresem okre\u015blonym w tre\u015bci umowy oraz za\u0142\u0105cznikach (w szczeg\u00f3lno\u015bci w Cenniku).<\/li>\n<li>Akcja skierowana jest do klient\u00f3w, kt\u00f3rzy przenosz\u0105 obs\u0142ug\u0119 ksi\u0119gowo-kadrow\u0105 od poprzedniego biura rachunkowego \/ poprzedniego ksi\u0119gowego oraz zawieraj\u0105 z Organizatorem Umow\u0119 o \u015bwiadczenie us\u0142ug ksi\u0119gowo-kadrowych, oraz.<\/li>\n<li>Za \u201eNowego klienta\u201d uznaje si\u0119 podmiot, dla kt\u00f3rego Organizator nie \u015bwiadczy\u0142 us\u0142ug ksi\u0119gowych ani kadrowo-p\u0142acowych w okresie ostatnich 12 miesi\u0119cy.<\/li>\n<\/ol>\n<h2>\u00a73 Warunki skorzystania z Akcji<\/h2>\n<ol>\n<li>Warunkiem skorzystania z Akcji jest:\n<ol>\n<li>zawarcie Umowy z Organizatorem najp\u00f3\u017aniej w terminie od 15.12.2025 r. do 30.06.2026 r.,<\/li>\n<li>powierzenie Organizatorowi pe\u0142nej obs\u0142ugi ksi\u0119gowej (a w razie potrzeby tak\u017ce kadrowo-p\u0142acowej) dla danego przedsi\u0119biorcy,<\/li>\n<li>wykazanie, \u017ce obs\u0142uga ksi\u0119gowa by\u0142a dotychczas prowadzona przez inne biuro rachunkowe \/ innego ksi\u0119gowego (np. poprzez przedstawienie wypowiedzenia dotychczasowej umowy, potwierdzenia przej\u0119cia dokumentacji lub o\u015bwiadczenia klienta).<\/li>\n<\/ol>\n<\/li>\n<\/ol>\n<ol start=\"2\">\n<li>Minimalny okres \u015bwiadczenia us\u0142ug na podstawie Umowy w ramach Akcji wynosi 6 kolejnych miesi\u0119cy obrachunkowych, liczonych od pierwszego miesi\u0105ca, za kt\u00f3ry Organizator faktycznie prowadzi obs\u0142ug\u0119 ksi\u0119gowo-kadrow\u0105 (dalej: \u201eMinimalny Okres\u201d).<\/li>\n<\/ol>\n<h2>\u00a74 Korzy\u015b\u0107 promocyjna<\/h2>\n<ol>\n<li>Klient, kt\u00f3ry spe\u0142ni warunki okre\u015blone w \u00a72 i \u00a73, uzyskuje prawo do zwolnienia z op\u0142aty za pierwszy miesi\u0105c obs\u0142ugi ksi\u0119gowo-kadrowej, w kt\u00f3rym Organizator faktycznie \u015bwiadczy us\u0142ugi na podstawie Umowy (dalej: \u201eMiesi\u0105c Promocyjny\u201d).<\/li>\n<li>Za Miesi\u0105c Promocyjny:\n<ol>\n<li>Organizator nie nalicza miesi\u0119cznego wynagrodzenia za obs\u0142ug\u0119 ksi\u0119gowo-kadrow\u0105,<\/li>\n<li>Organizator nie wystawia faktury VAT z tytu\u0142u miesi\u0119cznego wynagrodzenia za Us\u0142ugi za ten okres.<\/li>\n<\/ol>\n<\/li>\n<li>Decyduj\u0105ce znaczenie ma data zawarcia Umowy \u2013 je\u017celi Umowa zosta\u0142a zawarta do dnia 30.06.2026 r. w\u0142\u0105cznie, klient nabywa prawo do skorzystania z Akcji, niezale\u017cnie od tego, od jakiej daty rozpoczyna si\u0119 faktyczne \u015bwiadczenie us\u0142ug (np. od kolejnego miesi\u0105ca lub p\u00f3\u017aniejszego terminu), pod warunkiem spe\u0142nienia pozosta\u0142ych warunk\u00f3w Akcji.<\/li>\n<li>Promocja dotyczy wy\u0142\u0105cznie standardowego miesi\u0119cznego wynagrodzenia za obs\u0142ug\u0119 ksi\u0119gow\u0105\/kadrowo-p\u0142acow\u0105 zgodnie z Cennikiem. Nie obejmuje ona w szczeg\u00f3lno\u015bci:\n<ol>\n<li>us\u0142ug jednorazowych i dodatkowych (np. porz\u0105dkowanie zaleg\u0142ej dokumentacji, sporz\u0105dzanie zaleg\u0142ych deklaracji, reprezentacja w post\u0119powaniach przed urz\u0119dami, przygotowanie polityki rachunkowo\u015bci, zmian formy prawnej itp.),<\/li>\n<li>op\u0142at dodatkowych przewidzianych w Umowie lub Cenniku.<\/li>\n<\/ol>\n<\/li>\n<\/ol>\n<h2>\u00a75 Minimalny okres wsp\u00f3\u0142pracy i utrata prawa do korzy\u015bci<\/h2>\n<ol>\n<li>Warunkiem ostatecznego zachowania korzy\u015bci wynikaj\u0105cej z Akcji (brak faktury za Miesi\u0105c Promocyjny) jest utrzymanie Umowy i nieprzerwane korzystanie z us\u0142ug Organizatora przez co najmniej 6 kolejnych miesi\u0119cy obrachunkowych \u015bwiadczenia us\u0142ug.<\/li>\n<li>W przypadku:\n<ol>\n<li>rozwi\u0105zania Umowy przez klienta przed up\u0142ywem Minimalnego Okresu,<\/li>\n<li>rozwi\u0105zania Umowy przez Organizatora z winy klienta (np. z powodu zaleg\u0142o\u015bci p\u0142atniczych, ra\u017c\u0105cego naruszenia obowi\u0105zk\u00f3w okre\u015blonych w Umowie) przed up\u0142ywem Minimalnego Okresu,<br \/>\nOrganizator ma prawo wystawi\u0107 klientowi faktur\u0119 za Miesi\u0105c Promocyjny wed\u0142ug stawek z Cennika obowi\u0105zuj\u0105cego w tym miesi\u0105cu.<\/li>\n<\/ol>\n<\/li>\n<li>Wystawienie faktury, o kt\u00f3rej mowa w ust. 2, nast\u0119puje po rozwi\u0105zaniu Umowy, z terminem p\u0142atno\u015bci wskazanym na fakturze, nie kr\u00f3tszym ni\u017c 7 dni.<\/li>\n<li>Klient traci prawo do skorzystania z Akcji tak\u017ce w przypadku powstania zaleg\u0142o\u015bci p\u0142atniczych wobec Organizatora przekraczaj\u0105cych 30 dni \u2013 w takim przypadku Organizator mo\u017ce odst\u0105pi\u0107 od przyznania korzy\u015bci promocyjnej lub \u017c\u0105da\u0107 zap\u0142aty wynagrodzenia za Miesi\u0105c Promocyjny na zasadach jak w ust. 2.<\/li>\n<\/ol>\n<h2>\u00a76 Ograniczenia Akcji<\/h2>\n<ol>\n<li>Z Akcji mo\u017cna skorzysta\u0107 jednokrotnie dla jednego podmiotu.<\/li>\n<li>Akcja nie \u0142\u0105czy si\u0119 z innymi rabatami, zni\u017ckami ani promocjami oferowanymi przez Organizatora, chyba \u017ce Organizator postanowi inaczej w formie pisemnej (w tym mailowej).<\/li>\n<\/ol>\n<h2>\u00a77 Relacja do Umowy i postanowienia ko\u0144cowe<\/h2>\n<ol>\n<li>Niniejszy Regulamin stanowi warunki szczeg\u00f3lne do Umowy o \u015bwiadczenie us\u0142ug ksi\u0119gowo-kadrowych zawieranej pomi\u0119dzy Organizatorem a klientem. W zakresie nieuregulowanym w Regulaminie stosuje si\u0119 postanowienia Umowy oraz przepisy prawa powszechnie obowi\u0105zuj\u0105cego.<\/li>\n<li>W razie sprzeczno\u015bci pomi\u0119dzy postanowieniami Regulaminu a postanowieniami Umowy, w odniesieniu do zasad Akcji pierwsze\u0144stwo maj\u0105 postanowienia niniejszego Regulaminu, chyba \u017ce Strony wprost uzgodni\u0105 inaczej w Umowie lub aneksie.<\/li>\n<li>Organizator zastrzega sobie prawo do wcze\u015bniejszego zako\u0144czenia Akcji lub zmiany jej warunk\u00f3w w odniesieniu do um\u00f3w jeszcze niezawartych, przy czym zmiany te nie b\u0119d\u0105 narusza\u0107 praw klient\u00f3w, kt\u00f3rzy zawarli Umow\u0119 w czasie obowi\u0105zywania Akcji na dotychczasowych zasadach.<\/li>\n<li>Regulamin wchodzi w \u017cycie z dniem jego og\u0142oszenia przez Organizatora.<\/li>\n<\/ol>\n<h2>\u00a78 Kontakt z Organizatorem<\/h2>\n<ol>\n<li><b>Adres Wykonawcy:<\/b> ul. Zygmunta Vogla 28\/02, 02-963, Polska, Warszawa<b><\/b><\/li>\n<li><b>Adres e-mail Wykonawcy:<\/b> biuro@mcgroup.pl<\/li>\n<li><b>Numer telefonu Wykonawcy:<\/b> +48 512 713 500<\/li>\n<li>Klient mo\u017ce porozumiewa\u0107 si\u0119 ze Wykonawc\u0105 za pomoc\u0105 adres\u00f3w i numer\u00f3w<br \/>\ntelefon\u00f3w podanych w niniejszym paragrafie.<\/li>\n<li>Klient mo\u017ce porozumie\u0107 si\u0119 telefonicznie ze Wykonawc\u0105 w godzinach od 08:00 do 16:00<\/li>\n<\/ol>\n<\/div>","protected":false},"excerpt":{"rendered":"<p>REGULAMIN AKCJI PROMOCYJNEJ: Pierwszy miesi\u0105c obs\u0142ugi ksi\u0119gowej gratis \u00a71 Organizator i czas trwania akcji Organizatorem akcji promocyjnej pod nazw\u0105 \u201ePierwszy miesi\u0105c obs\u0142ugi ksi\u0119gowej gratis\u201d (dalej: \u201eAkcja\u201d) jest MIA CONSULT GROUP Sp. z o.o. z siedzib\u0105 w Warszawie, ul. Zygmunta Vogla 28\/02, 02-963 Warszawa, KRS: 0000854891, NIP: 1133018235, REGON: 386780510 (dalej: \u201eOrganizator\u201d). Akcja obowi\u0105zuje dla um\u00f3w [&hellip;]<\/p>\n","protected":false},"author":1,"featured_media":0,"parent":0,"menu_order":0,"comment_status":"closed","ping_status":"closed","template":"","meta":{"footnotes":""},"class_list":["post-2397","page","type-page","status-publish","hentry"],"_links":{"self":[{"href":"https:\/\/miaconsultgroup.pl\/ru\/wp-json\/wp\/v2\/pages\/2397","targetHints":{"allow":["GET"]}}],"collection":[{"href":"https:\/\/miaconsultgroup.pl\/ru\/wp-json\/wp\/v2\/pages"}],"about":[{"href":"https:\/\/miaconsultgroup.pl\/ru\/wp-json\/wp\/v2\/types\/page"}],"author":[{"embeddable":true,"href":"https:\/\/miaconsultgroup.pl\/ru\/wp-json\/wp\/v2\/users\/1"}],"replies":[{"embeddable":true,"href":"https:\/\/miaconsultgroup.pl\/ru\/wp-json\/wp\/v2\/comments?post=2397"}],"version-history":[{"count":13,"href":"https:\/\/miaconsultgroup.pl\/ru\/wp-json\/wp\/v2\/pages\/2397\/revisions"}],"predecessor-version":[{"id":2587,"href":"https:\/\/miaconsultgroup.pl\/ru\/wp-json\/wp\/v2\/pages\/2397\/revisions\/2587"}],"wp:attachment":[{"href":"https:\/\/miaconsultgroup.pl\/ru\/wp-json\/wp\/v2\/media?parent=2397"}],"curies":[{"name":"wp","href":"https:\/\/api.w.org\/{rel}","templated":true}]}}