{"id":22,"date":"2024-06-14T14:53:11","date_gmt":"2024-06-14T12:53:11","guid":{"rendered":"http:\/\/dev2.miaconsultgroup.pl\/?page_id=22"},"modified":"2026-03-24T12:53:40","modified_gmt":"2026-03-24T11:53:40","slug":"about","status":"publish","type":"page","link":"https:\/\/miaconsultgroup.pl\/pl\/about\/","title":{"rendered":"O firmie"},"content":{"rendered":"\t\t<div data-elementor-type=\"wp-page\" data-elementor-id=\"22\" class=\"elementor elementor-22\">\n\t\t\t\t<div class=\"elementor-element elementor-element-ed0551a e-flex e-con-boxed e-con e-parent\" data-id=\"ed0551a\" data-element_type=\"container\" data-e-type=\"container\">\n\t\t\t\t\t<div class=\"e-con-inner\">\n\t\t\t\t\t<\/div>\n\t\t\t\t<\/div>\n\t\t<div class=\"elementor-element elementor-element-4860bb39 e-flex e-con-boxed e-con e-parent\" data-id=\"4860bb39\" data-element_type=\"container\" data-e-type=\"container\">\n\t\t\t\t\t<div class=\"e-con-inner\">\n\t\t\t\t<div class=\"elementor-element elementor-element-2c99b464 elementor-widget elementor-widget-html\" data-id=\"2c99b464\" data-element_type=\"widget\" data-e-type=\"widget\" data-widget_type=\"html.default\">\n\t\t\t\t<div class=\"elementor-widget-container\">\n\t\t\t\t\t<div class=\"navigation-about\">\n    <button id=\"btnAboutBack\" class=\"btn-about-back  hidden\"><img decoding=\"async\" src=\"\/wp-content\/uploads\/about\/back.svg\">Wstecz<\/button>\n    <h1 class=\"h1 w-100\"><insertTitle id=\"insertTitle\">O firmie<\/insertTitle> <span class=\"span\">MIA CONSULT GROUP<\/span><\/h1>\n    <span class=\"imitation-w\"><\/span>\n<\/div>\n\t\t\t\t<\/div>\n\t\t\t\t<\/div>\n\t\t\t\t<div class=\"elementor-element elementor-element-760a1930 elementor-widget elementor-widget-mcg_banner_about_us\" data-id=\"760a1930\" data-element_type=\"widget\" data-e-type=\"widget\" id=\"bannerAbout\" data-widget_type=\"mcg_banner_about_us.default\">\n\t\t\t\t<div class=\"elementor-widget-container\">\n\t\t\t\t\t<script>\nif (typeof window.pageAboutTranslation === 'undefined') {window.pageAboutTranslation = {}; }\npageAboutTranslation.a_position = \"Za\u0142o\u017cyciel\";\npageAboutTranslation.a_citata1 = \"Bez ksi\u0119gowo\u015bci nie ma kontroli, bez kontroli nie ma sukcesu.\";\npageAboutTranslation.a_citata2 = \"Konsekwencja jest kluczem do sukcesu w ka\u017cdym biznesie.\";\n<\/script>\n<div class=\"banner-w100\"><div id=\"aboutusban_hype_container\" class=\"HYPE_document\" style=\"margin:auto;position:relative;width:100%;height:425px;overflow:hidden;\">\n\t\t<script type=\"text\/javascript\" charset=\"utf-8\" src=\"https:\/\/miaconsultgroup.pl\/wp-content\/plugins\/mcg-elementor-widgets\/assets\/banners\/about\/aboutus_ban\/aboutus_ban.hyperesources\/aboutusban_hype_generated_script.js\"><\/script><\/div><\/div>\t\t\t\t<\/div>\n\t\t\t\t<\/div>\n\t\t\t\t<div class=\"elementor-element elementor-element-1fba88e8 elementor-widget elementor-widget-html\" data-id=\"1fba88e8\" data-element_type=\"widget\" data-e-type=\"widget\" data-widget_type=\"html.default\">\n\t\t\t\t<div class=\"elementor-widget-container\">\n\t\t\t\t\t<div id=\"aboutMenu\" class=\"w-100\">\n<h2 class=\"h2\">Witamy w <span>MIA CONSULT GROUP<\/span><\/h2>\n\n<div class=\"about-link-menu\">\n<div class=\"mcg-links-one-about one-puzzle\" data-path=\"1\" data-name=\"Dzia\u0142 ksi\u0119gowo\u015bci\">\n<div class=\"mcg-link-one-img-area-about\">\n    <img decoding=\"async\" src=\"https:\/\/miagroup.pl\/wp-content\/plugins\/mcg-elementor-widgets\/assets\/img\/w_links\/arrow-white.svg\" alt=\"\">\n<\/div>\n<p class=\"mcg-link-one-text-about\">Dzia\u0142 ksi\u0119gowo\u015bci<\/p>\n<\/div>\n<div class=\"mcg-links-one-about one-puzzle\"  data-path=\"2\" data-name=\"Dzia\u0142 IT\">\n<div class=\"mcg-link-one-img-area-about\"><img decoding=\"async\"\n        src=\"https:\/\/miagroup.pl\/wp-content\/plugins\/mcg-elementor-widgets\/assets\/img\/w_links\/arrow-white.svg\"\n        alt=\"\"><\/div>\n<p class=\"mcg-link-one-text-about\">Dzia\u0142 IT<\/p>\n<\/div>\n\n<div class=\"mcg-links-one-about one-puzzle\" data-path=\"3\" data-name=\"Dzia\u0142 marketingu\" >\n<div class=\"mcg-link-one-img-area-about\"><img decoding=\"async\"\n        src=\"https:\/\/miagroup.pl\/wp-content\/plugins\/mcg-elementor-widgets\/assets\/img\/w_links\/arrow-white.svg\"\n        alt=\"\"><\/div>\n<p class=\"mcg-link-one-text-about\">Dzia\u0142 marketingu<\/p>\n<\/div>\n<div class=\"mcg-links-one-about one-puzzle\" data-path=\"4\" data-name=\"Dzia\u0142 obs\u0142ugi klienta\">\n<div class=\"mcg-link-one-img-area-about\"><img decoding=\"async\"\n        src=\"https:\/\/miagroup.pl\/wp-content\/plugins\/mcg-elementor-widgets\/assets\/img\/w_links\/arrow-white.svg\"\n        alt=\"\"><\/div>\n<p class=\"mcg-link-one-text-about\">Dzia\u0142 obs\u0142ugi klienta<\/p>\n<\/div>\n<\/div>\n<\/div>\t\t\t\t<\/div>\n\t\t\t\t<\/div>\n\t\t\t\t<div class=\"elementor-element elementor-element-5b286388 elementor-widget elementor-widget-html\" data-id=\"5b286388\" data-element_type=\"widget\" data-e-type=\"widget\" data-widget_type=\"html.default\">\n\t\t\t\t<div class=\"elementor-widget-container\">\n\t\t\t\t\t<!--\u0420\u0430\u0437\u0434\u0435\u043b Ksi\u0119gowa\u0438\u0438-->\n<div data-path=\"1\" class=\"w-100 none about-page\">\n\n<div class=\"about-single-root-area\">\n<div class=\"about-single-block\">\n<img decoding=\"async\" class=\"about-single-img\" src=\"https:\/\/miagroup.pl\/wp-content\/uploads\/about\/avatars\/helena.png\">\n<div class=\"about-single-right\">\n<p class=\"about-single-name\">Helena Razbicka<\/p>\n<p class=\"about-single-position\">Dyrektorka wykonawcza \/ G\u0142\u00f3wna ksi\u0119gowa<\/p>\n<p class=\"about-single-text\">Jako Dyrektorka wykonawcza i G\u0142\u00f3wna ksi\u0119gowa zajmuj\u0119 kluczow\u0105 pozycj\u0119 w zarz\u0105dzaniu finansowym firmy. Moje do\u015bwiadczenie kierownicze pozwala mi podejmowa\u0107 \u015bwiadome decyzje, kt\u00f3re gwarantuj\u0105 realizacj\u0119 cel\u00f3w firmy.<\/p>\n<\/div>\n<\/div>\n<\/div>\n\n<h2 class=\"h2\">Biuro w Warszawie<\/h2>\n\n<div class=\"about-col-4\">\n<div class=\"about-multi-one back-pink\">\n<img decoding=\"async\" class=\"about-one-img\" src=\"https:\/\/miagroup.pl\/wp-content\/uploads\/2025\/12\/katya.png\">\n<div class=\"about-one-body\">\n<p class=\"about-user-name\">Katarzyna Turchenik<\/p>\n<p class=\"about-user-position\">Koordynatorka biura<\/p>\n<\/div>\n<\/div>\n\n<div class=\"about-multi-one back-purple\">\n<img decoding=\"async\" class=\"about-one-img\" src=\"https:\/\/miagroup.pl\/wp-content\/uploads\/about\/avatars\/dasha.png\">\n<div class=\"about-one-body\">\n<p class=\"about-user-name\">Daria Lepik<\/p>\n<p class=\"about-user-position\">Kierowniczka ds. ksi\u0119gowo\u015bci<\/p>\n<\/div>\n<\/div>\n\n<div class=\"about-multi-one back-pink\">\n<img decoding=\"async\" class=\"about-one-img\" src=\"https:\/\/miagroup.pl\/wp-content\/uploads\/about\/avatars\/yulia.png\">\n<div class=\"about-one-body\">\n<p class=\"about-user-name\">Julia Krauczanka<\/p>\n<p class=\"about-user-position\">Ksi\u0119gowa<\/p>\n<\/div>\n<\/div>\n\n<div class=\"about-multi-one back-pink\">\n<img decoding=\"async\" class=\"about-one-img\" src=\"https:\/\/miagroup.pl\/wp-content\/uploads\/about\/avatars\/veronika.png\">\n<div class=\"about-one-body\">\n<p class=\"about-user-name\">Weronika Tyczy\u0144ska<\/p>\n<p class=\"about-user-position\">Ksi\u0119gowa<\/p>\n<\/div>\n<\/div>\n<div class=\"about-multi-one back-pink\">\n<img decoding=\"async\" class=\"about-one-img\" src=\"https:\/\/miagroup.pl\/wp-content\/uploads\/about\/avatars\/vika.png\">\n<div class=\"about-one-body\">\n<p class=\"about-user-name\">Wiktoria Osipowa<\/p>\n<p class=\"about-user-position\">Ksi\u0119gowa<\/p>\n<\/div>\n<\/div>\n\n<div class=\"about-multi-one back-purple\">\n<img decoding=\"async\" class=\"about-one-img\" src=\"https:\/\/miagroup.pl\/wp-content\/uploads\/2026\/03\/alesya.png\">\n<div class=\"about-one-body\">\n<p class=\"about-user-name\">Alesia Ananko<\/p>\n<p class=\"about-user-position\">Kierowniczka ds. ksi\u0119gowo\u015bci JDG<\/p>\n<\/div>\n<\/div>\n<div class=\"about-multi-one back-pink\">\n<img decoding=\"async\" class=\"about-one-img\" src=\"https:\/\/miagroup.pl\/wp-content\/uploads\/about\/avatars\/diana.png\">\n<div class=\"about-one-body\">\n<p class=\"about-user-name\">Diana Kawaliowa<\/p>\n<p class=\"about-user-position\">Ksi\u0119gowa<\/p>\n<\/div>\n<\/div>\n<div class=\"about-multi-one back-pink\">\n<img decoding=\"async\" class=\"about-one-img\" src=\"https:\/\/miagroup.pl\/wp-content\/uploads\/about\/avatars\/natasha.png\">\n<div class=\"about-one-body\">\n<p class=\"about-user-name\">Natallia Szyla<\/p>\n<p class=\"about-user-position\">Ksi\u0119gowa<\/p>\n<\/div>\n<\/div>\n<div class=\"about-multi-one back-pink\">\n<img decoding=\"async\" class=\"about-one-img\" src=\"https:\/\/miagroup.pl\/wp-content\/uploads\/about\/avatars\/rita.png\">\n<div class=\"about-one-body\">\n<p class=\"about-user-name\">Margarita Ba\u0142abanowa<\/p>\n<p class=\"about-user-position\">Ksi\u0119gowa<\/p>\n<\/div>\n<\/div>\n<div class=\"about-multi-one back-pink\">\n<img decoding=\"async\" class=\"about-one-img\" src=\"https:\/\/miagroup.pl\/wp-content\/uploads\/about\/avatars\/nastya.png\">\n<div class=\"about-one-body\">\n<p class=\"about-user-name\">Anastazja Rasluk<\/p>\n<p class=\"about-user-position\">Ksi\u0119gowa<\/p>\n<\/div>\n<\/div>\n<div class=\"about-multi-one back-purple\">\n<img decoding=\"async\" class=\"about-one-img\" src=\"https:\/\/miagroup.pl\/wp-content\/uploads\/about\/avatars\/alesya.png\">\n<div class=\"about-one-body\">\n<p class=\"about-user-name\">Alesia Jefimczyk<\/p>\n<p class=\"about-user-position\">Kierowniczka ds. kadr i p\u0142ac<\/p>\n<\/div>\n<\/div>\n<!---->\n<div class=\"about-multi-one back-pink\">\n<img decoding=\"async\" class=\"about-one-img\" src=\"https:\/\/miagroup.pl\/wp-content\/uploads\/about\/avatars\/cybina.png\">\n<div class=\"about-one-body\">\n<p class=\"about-user-name\">Daria Cybina<\/p>\n<p class=\"about-user-position\">Specjalista ds. legalizacji pobytu<\/p>\n<\/div>\n<\/div>\n\n<!---->\n<div class=\"about-multi-one back-pink\">\n<img decoding=\"async\" class=\"about-one-img\" src=\"https:\/\/miagroup.pl\/wp-content\/uploads\/about\/avatars\/liza-min.png\">\n<div class=\"about-one-body\">\n<p class=\"about-user-name\">El\u017cbieta Reginia<\/p>\n<p class=\"about-user-position\">Administratorka biura<\/p>\n<\/div>\n<\/div>\n<div class=\"about-multi-one back-pink\">\n<img decoding=\"async\" class=\"about-one-img\" src=\"https:\/\/miagroup.pl\/wp-content\/uploads\/about\/avatars\/vitalik-min.png\">\n<div class=\"about-one-body\">\n<p class=\"about-user-name\">Witali Rasliuk<\/p>\n<p class=\"about-user-position\">Mened\u017cer ds. zakup\u00f3w<\/p>\n<\/div>\n<\/div>\n<\/div>\n\n<h2 class=\"h2\">Biuro w Tr\u00f3jmies\u0107ie<\/h2>\n\n<div class=\"about-col-4\">\n<div class=\"about-multi-one back-purple\">\n<img decoding=\"async\" class=\"about-one-img\" src=\"https:\/\/miagroup.pl\/wp-content\/uploads\/about\/avatars\/ola-min.png\">\n<div class=\"about-one-body\">\n<p class=\"about-user-name\">Wolha Kuchyk<\/p>\n<p class=\"about-user-position\">Starsza Ksi\u0119gowa<\/p>\n<\/div>\n<\/div>\n\n<div class=\"about-multi-one back-pink\">\n<img decoding=\"async\" class=\"about-one-img\" src=\"https:\/\/miagroup.pl\/wp-content\/uploads\/about\/avatars\/sasha-min.png\">\n<div class=\"about-one-body\">\n<p class=\"about-user-name\">Aliaksandr Zhurauliou<\/p>\n<p class=\"about-user-position\">Ksi\u0119gowy<\/p>\n<\/div>\n<\/div>\n\n<div class=\"about-multi-one back-pink\">\n<img decoding=\"async\" class=\"about-one-img\" src=\"https:\/\/miagroup.pl\/wp-content\/uploads\/about\/avatars\/gdansk-min.png\">\n<div class=\"about-one-body\">\n<p class=\"about-user-name\">Nadia Neradziuk<\/p>\n<p class=\"about-user-position\">Ksi\u0119gowa<\/p>\n<\/div>\n<\/div>\n\n<div class=\"about-multi-one back-pink\">\n<img decoding=\"async\" class=\"about-one-img\" src=\"https:\/\/miagroup.pl\/wp-content\/uploads\/about\/avatars\/darjana-min.png\">\n<div class=\"about-one-body\">\n<p class=\"about-user-name\">Darjana Rudych<\/p>\n<p class=\"about-user-position\">Administratorka biura<\/p>\n<\/div>\n<\/div>\n<div class=\"about-multi-one back-pink\">\n<img decoding=\"async\" class=\"about-one-img\" src=\"https:\/\/miagroup.pl\/wp-content\/uploads\/about\/avatars\/lenag-min.png\">\n<div class=\"about-one-body\">\n<p class=\"about-user-name\">Helena Waronina<\/p>\n<p class=\"about-user-position\">Specjalista ds. kadr i p\u0142ac<\/p>\n<\/div>\n<\/div>\n<div class=\"about-multi-one back-pink\">\n<img decoding=\"async\" class=\"about-one-img\" src=\"https:\/\/miagroup.pl\/wp-content\/uploads\/about\/avatars\/tanya-min.png\">\n<div class=\"about-one-body\">\n<p class=\"about-user-name\">Tatiana Nowikowa<\/p>\n<p class=\"about-user-position\">Ksi\u0119gowa<\/p>\n<\/div>\n<\/div>\n<\/div>\n<\/div>\n\t\t\t\t<\/div>\n\t\t\t\t<\/div>\n\t\t\t\t<div class=\"elementor-element elementor-element-11a85e82 elementor-widget elementor-widget-html\" data-id=\"11a85e82\" data-element_type=\"widget\" data-e-type=\"widget\" data-widget_type=\"html.default\">\n\t\t\t\t<div class=\"elementor-widget-container\">\n\t\t\t\t\t<!--IT-->\n<div data-path=\"2\" class=\"w-100 none about-page\">\n\n<div class=\"about-single-root-area\">\n<div class=\"about-single-block mb-mob\">\n<img decoding=\"async\" class=\"about-single-img\" src=\"https:\/\/miagroup.pl\/wp-content\/uploads\/about\/avatars\/pasha.png\">\n<div class=\"about-single-right\">\n<p class=\"about-single-name\">Pawe\u0142 Misko<\/p>\n<p class=\"about-single-position\">Kierownik ds. IT<\/p>\n<p class=\"about-single-text\">Posiadam bogate do\u015bwiadczenie w obszarze technologii informatycznych, zgromadzone w trakcie d\u0142ugiej kariery zawodowej. Organizuj\u0119 prac\u0119 dzia\u0142u IT naszej firmy, a tak\u017ce podejmuj\u0119 szybkie decyzje w bie\u017c\u0105cych kwestiach technicznych.<\/p>\n<\/div>\n<\/div>\n<\/div>\n\n<div class=\"about-col-4\">\n<div class=\"about-multi-one back-pink\">\n<img decoding=\"async\" class=\"about-one-img\" src=\"https:\/\/miagroup.pl\/wp-content\/uploads\/about\/avatars\/pasha-site.png\">\n<div class=\"about-one-body\">\n<p class=\"about-user-name\">Pawe\u0142 Jackiewicz<\/p>\n<p class=\"about-user-position\">Specjalista ds. IT<\/p>\n<\/div>\n<\/div>\n\n<div class=\"about-multi-one back-pink\">\n<img decoding=\"async\" class=\"about-one-img\" src=\"https:\/\/miagroup.pl\/wp-content\/uploads\/about\/avatars\/danik-min.png\">\n<div class=\"about-one-body\">\n<p class=\"about-user-name\">Daniel Razbi\u0441ki<\/p>\n<p class=\"about-user-position\">Specjalista ds. IT<\/p>\n<\/div>\n<\/div>\n\n<div class=\"about-multi-one back-pink\">\n<img decoding=\"async\" class=\"about-one-img\" src=\"https:\/\/miagroup.pl\/wp-content\/uploads\/2025\/12\/bohdan-min.png\">\n<div class=\"about-one-body\">\n<p class=\"about-user-name\">Bogdan Boboszko<\/p>\n<p class=\"about-user-position\">Specjalista ds. IT<\/p>\n<\/div>\n<\/div>\n\n<div class=\"about-multi-one back-pink\">\n<img decoding=\"async\" class=\"about-one-img\" src=\"https:\/\/miagroup.pl\/wp-content\/uploads\/about\/avatars\/yanag-min.png\">\n<div class=\"about-one-body\">\n<p class=\"about-user-name\">Jana Hlimbocka<\/p>\n<p class=\"about-user-position\">Projektantka UX\/UI<\/p>\n<\/div>\n<\/div>\n<\/div>\n\t\t\t\t<\/div>\n\t\t\t\t<\/div>\n\t\t\t\t<div class=\"elementor-element elementor-element-39131b78 elementor-widget elementor-widget-html\" data-id=\"39131b78\" data-element_type=\"widget\" data-e-type=\"widget\" data-widget_type=\"html.default\">\n\t\t\t\t<div class=\"elementor-widget-container\">\n\t\t\t\t\t<!-- Marketing-->\n<div data-path=\"3\" class=\"w-100 none about-page\">\n\n<!--    <div class=\"about-single-root-area\">-->\n<!--        <div class=\"about-single-block mb-mob\">-->\n<!--            <img decoding=\"async\" class=\"about-single-img\" src=\"https:\/\/miagroup.pl\/wp-content\/uploads\/about\/avatars\/olya-min.png\">-->\n<!--            <div class=\"about-single-right\">-->\n<!--                <p class=\"about-single-name\">Olga Go\u0142owacz<\/p>-->\n<!--                <p class=\"about-single-position\">Kierowniczka ds. marketingu<\/p>-->\n<!--                <p class=\"about-single-text\">Odpowiadam za planowanie strategiczne, ukierunkowane na wzmocnienie pozycji-->\n<!--                    marki na rynku i przyci\u0105gni\u0119cie docelowych klient\u00f3w. Profesjonalnie zarz\u0105dzam zespo\u0142em specjalist\u00f3w-->\n<!--                    ds. marketingu, zapewniaj\u0105c skuteczn\u0105 realizacj\u0119 wyznaczonych zada\u0144.<\/p>-->\n<!--            <\/div>-->\n<!--        <\/div>-->\n<!--    <\/div>-->\n\n<div class=\"about-col-4\">\n<div class=\"about-multi-one back-pink\">\n<img decoding=\"async\" class=\"about-one-img\" src=\"https:\/\/miagroup.pl\/wp-content\/uploads\/about\/avatars\/peryn-min.png\">\n<div class=\"about-one-body\">\n<p class=\"about-user-name\">Aleksander Perunowski<\/p>\n<p class=\"about-user-position\">PR Manager<\/p>\n<\/div>\n<\/div>\n\n<div class=\"about-multi-one back-pink\">\n<img decoding=\"async\" class=\"about-one-img\" src=\"https:\/\/miagroup.pl\/wp-content\/uploads\/about\/avatars\/jenya-min.png\">\n<div class=\"about-one-body\">\n<p class=\"about-user-name\">Eugenia Nagorna<\/p>\n<p class=\"about-user-position\">Projektantka graficzny<\/p>\n<\/div>\n<\/div>\n\n<div class=\"about-multi-one back-pink\">\n<img decoding=\"async\" class=\"about-one-img\" src=\"https:\/\/miagroup.pl\/wp-content\/uploads\/about\/avatars\/tema-min.png\">\n<div class=\"about-one-body\">\n<p class=\"about-user-name\">Artsiom Waranko<\/p>\n<p class=\"about-user-position\">Wideograf<\/p>\n<\/div>\n<\/div>\n\n<\/div>\n<\/div>\t\t\t\t<\/div>\n\t\t\t\t<\/div>\n\t\t\t\t<div class=\"elementor-element elementor-element-b5c47dd elementor-widget elementor-widget-html\" data-id=\"b5c47dd\" data-element_type=\"widget\" data-e-type=\"widget\" data-widget_type=\"html.default\">\n\t\t\t\t<div class=\"elementor-widget-container\">\n\t\t\t\t\t<!--\u0420\u0430\u0437\u0434\u0435\u043b obs\u0142ugi klienta-->\n<div data-path=\"4\" class=\"w-100 none about-page\">\n\n<div class=\"about-single-root-area\">\n<div class=\"about-single-block mb-mob\">\n<img decoding=\"async\" class=\"about-single-img\" src=\"https:\/\/miagroup.pl\/wp-content\/uploads\/about\/avatars\/zacharowa.png\">\n<div class=\"about-single-right\">\n<p class=\"about-single-name\">Julia Zacharowska<\/p>\n<p class=\"about-single-position\">Kierowniczka ds. Sprzeda\u017cy \/ Starsza ksi\u0119gowa<\/p>\n<p class=\"about-single-text\">Na stanowisku kierownika ds. sprzeda\u017cy dbam o utrzymywanie d\u0142ugotrwa\u0142ych relacji z naszymi klientami. Dzi\u0119ki moim umiej\u0119tno\u015bciom przyw\u00f3dczym nasza firma szybko adaptuje si\u0119 do zmieniaj\u0105cych si\u0119 potrzeb rynku oraz indywidualnych oczekiwa\u0144 ka\u017cdego klienta i partnera.<\/p>\n<\/div>\n<\/div>\n<\/div>\n\n<div class=\"about-col-4\">\n<div class=\"about-multi-one back-pink\">\n<img decoding=\"async\" class=\"about-one-img\" src=\"https:\/\/miagroup.pl\/wp-content\/uploads\/about\/avatars\/povorotnaya-min.png\">\n<div class=\"about-one-body\">\n<p class=\"about-user-name\">Jana Poworotnaja<\/p>\n<p class=\"about-user-position\">Specjalista ds. obs\u0142ugi klient\u00f3w<\/p>\n<\/div>\n<\/div>\n<div class=\"about-multi-one back-pink\">\n<img decoding=\"async\" class=\"about-one-img\" src=\"https:\/\/miagroup.pl\/wp-content\/uploads\/about\/avatars\/kasia-min.png\">\n<div class=\"about-one-body\">\n<p class=\"about-user-name\">Katarzyna Chaj\u0119cka<\/p>\n<p class=\"about-user-position\">Specjalista ds. obs\u0142ugi klient\u00f3w<\/p>\n<\/div>\n<\/div>\n\n<div class=\"about-multi-one back-pink\">\n<img decoding=\"async\" class=\"about-one-img\" src=\"https:\/\/miagroup.pl\/wp-content\/uploads\/about\/avatars\/vladik-min.png\">\n<div class=\"about-one-body\">\n<p class=\"about-user-name\">W\u0142adys\u0142aw Lapin<\/p>\n<p class=\"about-user-position\">Specjalista ds. obs\u0142ugi klient\u00f3w<\/p>\n<\/div>\n<\/div>\n\n<div class=\"about-multi-one back-pink\">\n<img decoding=\"async\" class=\"about-one-img\" src=\"https:\/\/miagroup.pl\/wp-content\/uploads\/about\/avatars\/stasya-min.png\">\n<div class=\"about-one-body\">\n<p class=\"about-user-name\">Anastazja Sidaruk<\/p>\n<p class=\"about-user-position\">Specjalista ds. obs\u0142ugi klient\u00f3w<\/p>\n<\/div>\n<\/div>\n<div class=\"about-multi-one back-pink\">\n<img decoding=\"async\" class=\"about-one-img\" src=\"https:\/\/miagroup.pl\/wp-content\/uploads\/about\/avatars\/egor-min.png\">\n<div class=\"about-one-body\">\n<p class=\"about-user-name\">Yahor Tsvikevich<\/p>\n<p class=\"about-user-position\">Specjalista ds. obs\u0142ugi klient\u00f3w<\/p>\n<\/div>\n<\/div>\n<\/div>\n<\/div>\t\t\t\t<\/div>\n\t\t\t\t<\/div>\n\t\t\t\t\t<\/div>\n\t\t\t\t<\/div>\n\t\t<div class=\"elementor-element elementor-element-6ea6e7f2 e-flex e-con-boxed e-con e-parent\" data-id=\"6ea6e7f2\" data-element_type=\"container\" data-e-type=\"container\">\n\t\t\t\t\t<div class=\"e-con-inner\">\n\t\t\t\t<div class=\"elementor-element elementor-element-5b41286 elementor-widget elementor-widget-html\" data-id=\"5b41286\" data-element_type=\"widget\" data-e-type=\"widget\" data-widget_type=\"html.default\">\n\t\t\t\t<div class=\"elementor-widget-container\">\n\t\t\t\t\t<style>\n.main-iframe {\n    width: 100%;\n    max-width: 1330px;\n    padding: 0 15px;\n    margin: 0 auto;\n}\n.main-iframe iframe{\n  border: 1px solid #f2f2f2;\n  height: 800px\n}\n@media screen and (max-width: 800px){\n     .main-iframe iframe{\n  border: 1px solid #f2f2f2;\n  height: 400px\n}\n}\n<\/style>\n\n\n<div class=\"main-iframe\">\n<!--<div class=\"tour-left\">-->\n    <h2 class=\"h2\">Nasze biuro w Warszawie<\/h2>\n<div class=\"main-iframe\">\n<iframe width=\"100%\" class=\"3d-tour\" src=\"\/wp-content\/uploads\/3d_tour\/mia-wawa\/index.htm\"><\/iframe>\n<!--<\/div>-->\n<\/div>\n<!--<div class=\"tour-right\">-->\n<h2 class=\"h2\">Nasze biuro w Sopocie<\/h2>\n\n<div class=\"main-iframe\">\n    <iframe width=\"100%\" class=\"3d-tour\" src=\"\/wp-content\/uploads\/3d_tour\/sopot\/index.htm\"><\/iframe>\n<!--<\/div>-->\n<\/div>\n<\/div>\t\t\t\t<\/div>\n\t\t\t\t<\/div>\n\t\t\t\t\t<\/div>\n\t\t\t\t<\/div>\n\t\t\t\t<\/div>\n\t\t","protected":false},"excerpt":{"rendered":"<p>Wstecz O firmie MIA CONSULT GROUP Witamy w MIA CONSULT GROUP Dzia\u0142 ksi\u0119gowo\u015bci Dzia\u0142 IT Dzia\u0142 marketingu Dzia\u0142 obs\u0142ugi klienta Helena Razbicka Dyrektorka wykonawcza \/ G\u0142\u00f3wna ksi\u0119gowa Jako Dyrektorka wykonawcza i G\u0142\u00f3wna ksi\u0119gowa zajmuj\u0119 kluczow\u0105 pozycj\u0119 w zarz\u0105dzaniu finansowym firmy. Moje do\u015bwiadczenie kierownicze pozwala mi podejmowa\u0107 \u015bwiadome decyzje, kt\u00f3re gwarantuj\u0105 realizacj\u0119 cel\u00f3w firmy. Biuro w [&hellip;]<\/p>\n","protected":false},"author":1,"featured_media":2094,"parent":0,"menu_order":0,"comment_status":"closed","ping_status":"closed","template":"","meta":{"footnotes":""},"class_list":["post-22","page","type-page","status-publish","has-post-thumbnail","hentry"],"_links":{"self":[{"href":"https:\/\/miaconsultgroup.pl\/pl\/wp-json\/wp\/v2\/pages\/22","targetHints":{"allow":["GET"]}}],"collection":[{"href":"https:\/\/miaconsultgroup.pl\/pl\/wp-json\/wp\/v2\/pages"}],"about":[{"href":"https:\/\/miaconsultgroup.pl\/pl\/wp-json\/wp\/v2\/types\/page"}],"author":[{"embeddable":true,"href":"https:\/\/miaconsultgroup.pl\/pl\/wp-json\/wp\/v2\/users\/1"}],"replies":[{"embeddable":true,"href":"https:\/\/miaconsultgroup.pl\/pl\/wp-json\/wp\/v2\/comments?post=22"}],"version-history":[{"count":102,"href":"https:\/\/miaconsultgroup.pl\/pl\/wp-json\/wp\/v2\/pages\/22\/revisions"}],"predecessor-version":[{"id":2533,"href":"https:\/\/miaconsultgroup.pl\/pl\/wp-json\/wp\/v2\/pages\/22\/revisions\/2533"}],"wp:featuredmedia":[{"embeddable":true,"href":"https:\/\/miaconsultgroup.pl\/pl\/wp-json\/wp\/v2\/media\/2094"}],"wp:attachment":[{"href":"https:\/\/miaconsultgroup.pl\/pl\/wp-json\/wp\/v2\/media?parent=22"}],"curies":[{"name":"wp","href":"https:\/\/api.w.org\/{rel}","templated":true}]}}